{"id":14,"date":"2026-01-05T15:22:29","date_gmt":"2026-01-05T14:22:29","guid":{"rendered":"https:\/\/sno.lycee-guynemer.com\/portfolio-lamarque\/?page_id=14"},"modified":"2026-03-23T17:04:16","modified_gmt":"2026-03-23T16:04:16","slug":"14-2","status":"publish","type":"page","link":"https:\/\/sno.lycee-guynemer.com\/portfolio-lamarque\/14-2\/","title":{"rendered":"CV"},"content":{"rendered":"\n<figure class=\"wp-block-image alignright size-full is-resized has-custom-border is-style-rounded wp-duotone-unset-1\"><img fetchpriority=\"high\" decoding=\"async\" width=\"288\" height=\"285\" src=\"https:\/\/sno.lycee-guynemer.com\/portfolio-lamarque\/wp-content\/uploads\/sites\/22\/2026\/03\/Capture-decran-2025-09-16-091126.png\" alt=\"\" class=\"has-border-color wp-image-147\" style=\"border-color:#60dade;border-width:3px;border-top-left-radius:100px;border-top-right-radius:100px;border-bottom-left-radius:100px;border-bottom-right-radius:100px;aspect-ratio:1.01056770705333;width:172px;height:auto\" \/><\/figure>\n\n\n\n<div class=\"wp-block-group is-layout-constrained wp-block-group-is-layout-constrained\">\n<h2 class=\"wp-block-heading has-text-align-left\" style=\"border-top-left-radius:0px;border-top-right-radius:0px;border-bottom-left-radius:0px;border-bottom-right-radius:0px;font-size:clamp(24.034px, 1.502rem + ((1vw - 3.2px) * 1.247), 40px);\"><strong>LAMARQUE Emilio<\/strong><\/h2>\n\n\n\n<h2 class=\"wp-block-heading has-text-align-left has-large-font-size\" style=\"padding-top:0;padding-right:0;padding-bottom:0;padding-left:0\"><strong>Etudiant en CS SNO<\/strong><\/h2>\n<\/div>\n\n\n\n<hr class=\"wp-block-separator has-alpha-channel-opacity is-style-wide\" \/>\n\n\n\n<div class=\"wp-block-group is-nowrap is-layout-flex wp-container-core-group-is-layout-6c531013 wp-block-group-is-layout-flex\">\n<figure class=\"wp-block-image size-full is-resized has-custom-border is-style-default wp-duotone-60dade-ffffff-2\"><img decoding=\"async\" width=\"512\" height=\"512\" src=\"https:\/\/sno.lycee-guynemer.com\/portfolio-lamarque\/wp-content\/uploads\/sites\/22\/2026\/03\/65032.png\" alt=\"\" class=\"wp-image-159\" style=\"border-style:none;border-width:0px;width:59px;height:auto\" srcset=\"https:\/\/sno.lycee-guynemer.com\/portfolio-lamarque\/wp-content\/uploads\/sites\/22\/2026\/03\/65032.png 512w, https:\/\/sno.lycee-guynemer.com\/portfolio-lamarque\/wp-content\/uploads\/sites\/22\/2026\/03\/65032-300x300.png 300w, https:\/\/sno.lycee-guynemer.com\/portfolio-lamarque\/wp-content\/uploads\/sites\/22\/2026\/03\/65032-150x150.png 150w\" sizes=\"(max-width: 512px) 100vw, 512px\" \/><\/figure>\n\n\n\n<h2 class=\"wp-block-heading has-text-align-left has-text-color has-link-color has-large-font-size wp-elements-83b42b232ead2b68d112c840e708f0db\" style=\"color:#60dade\">PROFIL<\/h2>\n<\/div>\n\n\n\n<hr class=\"wp-block-separator alignfull has-alpha-channel-opacity\" style=\"margin-top:var(--wp--preset--spacing--60);margin-bottom:var(--wp--preset--spacing--60)\" \/>\n\n\n\n<p class=\"has-text-align-left\">Etudiant en mention compl\u00e9mentaire SNO (services num\u00e9riques aux organisations. <\/p>\n\n\n\n<p class=\"has-text-align-left\">Motiv\u00e9 et dynamique, je serais pr\u00eat \u00e0 tout mettre en \u0153uvre pour pouvoir r\u00e9aliser les <\/p>\n\n\n\n<p class=\"has-text-align-left\">d\u00e9fis demand\u00e9s. Je suis rigoureux, organis\u00e9 respectueux et ponctuel<\/p>\n\n\n\n<hr class=\"wp-block-separator alignfull has-alpha-channel-opacity\" \/>\n\n\n\n<div class=\"wp-block-group is-nowrap is-layout-flex wp-container-core-group-is-layout-6c531013 wp-block-group-is-layout-flex\">\n<figure class=\"wp-block-image size-full is-resized wp-duotone-60dade-ffffff-3\"><img decoding=\"async\" width=\"800\" height=\"800\" src=\"https:\/\/sno.lycee-guynemer.com\/portfolio-lamarque\/wp-content\/uploads\/sites\/22\/2026\/03\/rolm-formation-personnelle.png\" alt=\"\" class=\"wp-image-158\" style=\"width:64px;height:auto\" srcset=\"https:\/\/sno.lycee-guynemer.com\/portfolio-lamarque\/wp-content\/uploads\/sites\/22\/2026\/03\/rolm-formation-personnelle.png 800w, https:\/\/sno.lycee-guynemer.com\/portfolio-lamarque\/wp-content\/uploads\/sites\/22\/2026\/03\/rolm-formation-personnelle-300x300.png 300w, https:\/\/sno.lycee-guynemer.com\/portfolio-lamarque\/wp-content\/uploads\/sites\/22\/2026\/03\/rolm-formation-personnelle-150x150.png 150w, https:\/\/sno.lycee-guynemer.com\/portfolio-lamarque\/wp-content\/uploads\/sites\/22\/2026\/03\/rolm-formation-personnelle-768x768.png 768w\" sizes=\"(max-width: 800px) 100vw, 800px\" \/><\/figure>\n\n\n\n<h2 class=\"wp-block-heading has-text-color has-link-color has-large-font-size wp-elements-c4b282b96bb9f213553ea78ec00db3ce\" style=\"color:#60dade\">FORMATION<\/h2>\n<\/div>\n\n\n\n<hr class=\"wp-block-separator alignfull has-alpha-channel-opacity\" \/>\n\n\n\n<figure class=\"wp-block-table is-style-stripes\"><table class=\"has-border-color has-palette-color-4-border-color has-fixed-layout\" style=\"border-style:solid;border-width:1px\"><tbody><tr><td><strong>CS SNO Lyc\u00e9e Guynemer \u00e0 Oloron Ste-Marie<\/strong><\/td><\/tr><tr><td>2025\/2026<\/td><\/tr><tr><td><strong>BAC PRO Syst\u00e8mes Num\u00e9riques RISC Lyc\u00e9e Guynemer Oloron Sainte-Marie<\/strong><\/td><\/tr><tr><td>2025 &#8211; Admis mention assez bien<\/td><\/tr><\/tbody><\/table><\/figure>\n\n\n\n<hr class=\"wp-block-separator has-alpha-channel-opacity is-style-wide\" \/>\n\n\n\n<div class=\"wp-block-group is-nowrap is-layout-flex wp-container-core-group-is-layout-6c531013 wp-block-group-is-layout-flex\">\n<figure class=\"wp-block-image size-thumbnail is-resized wp-duotone-60dade-ffffff-4\"><img loading=\"lazy\" decoding=\"async\" width=\"150\" height=\"150\" src=\"https:\/\/sno.lycee-guynemer.com\/portfolio-lamarque\/wp-content\/uploads\/sites\/22\/2026\/03\/tl-150x150.webp\" alt=\"\" class=\"wp-image-157\" style=\"width:48px;height:auto\" srcset=\"https:\/\/sno.lycee-guynemer.com\/portfolio-lamarque\/wp-content\/uploads\/sites\/22\/2026\/03\/tl-150x150.webp 150w, https:\/\/sno.lycee-guynemer.com\/portfolio-lamarque\/wp-content\/uploads\/sites\/22\/2026\/03\/tl-300x300.webp 300w, https:\/\/sno.lycee-guynemer.com\/portfolio-lamarque\/wp-content\/uploads\/sites\/22\/2026\/03\/tl.webp 550w\" sizes=\"(max-width: 150px) 100vw, 150px\" \/><\/figure>\n\n\n\n<h2 class=\"wp-block-heading has-text-color has-link-color has-large-font-size wp-elements-a81e158162ec69c5e27108173ef99a63\" style=\"color:#60dade\">COMPETENCES<\/h2>\n<\/div>\n\n\n\n<hr class=\"wp-block-separator has-alpha-channel-opacity is-style-wide\" \/>\n\n\n\n<ul class=\"wp-block-list\">\n<li>Syst\u00e8mes : installation et param\u00e9trage OS et logiciels, machines virtuelles, documentation technique<\/li>\n\n\n\n<li>Administration r\u00e9seaux : montage mat\u00e9riel, r\u00e9seaux, adressage IP<\/li>\n\n\n\n<li>Cybers\u00e9curit\u00e9 : RGPD, CNIL, bonnes pratiques, pare-feu, antivirus, s\u00e9curisation du SI.<\/li>\n\n\n\n<li>Bureautique : traitement de texte, diaporama, tableur<\/li>\n\n\n\n<li>Web : HTML, CSS, CMS (WordPress)<\/li>\n\n\n\n<li>Bases de donn\u00e9es : SQL, MariaDB, Access<\/li>\n\n\n\n<li>Base de la Gestion de projet : Agile, Gantt<\/li>\n<\/ul>\n\n\n\n<hr class=\"wp-block-separator has-alpha-channel-opacity is-style-wide\" \/>\n\n\n\n<div class=\"wp-block-group is-nowrap is-layout-flex wp-container-core-group-is-layout-6c531013 wp-block-group-is-layout-flex\">\n<figure class=\"wp-block-image size-thumbnail is-resized wp-duotone-rgb96218222-ffffff-5\"><img loading=\"lazy\" decoding=\"async\" width=\"150\" height=\"150\" src=\"https:\/\/sno.lycee-guynemer.com\/portfolio-lamarque\/wp-content\/uploads\/sites\/22\/2026\/03\/57317159412c0d62ba24a466210d2087-150x150.jpg\" alt=\"\" class=\"wp-image-155\" style=\"width:45px;height:auto\" \/><\/figure>\n\n\n\n<h2 class=\"wp-block-heading has-text-color has-link-color has-large-font-size wp-elements-bdaaca57b7198f6dfc4682c57839ddc6\" style=\"color:#60dade\">EXPERIENCES PROFESSIONNELLES<\/h2>\n<\/div>\n\n\n\n<hr class=\"wp-block-separator has-alpha-channel-opacity is-style-wide\" \/>\n\n\n\n<figure class=\"wp-block-table is-style-stripes\"><table class=\"has-palette-color-4-color has-text-color has-link-color has-border-color has-palette-color-4-border-color has-fixed-layout\" style=\"border-width:1px\"><tbody><tr><td class=\"has-text-align-left\" data-align=\"left\"><strong>Stage Erasmus \u00e0 Faro BP GAME 03\/26<\/strong><\/td><\/tr><tr><td class=\"has-text-align-left\" data-align=\"left\">D\u00e9pannage informatique<br><span style=\"font-family: inherit;font-size: inherit;font-weight: inherit;color: var(--theme-palette-color-4, #192a3d)\">Maintenance des produits informatique<\/span><\/td><\/tr><tr><td class=\"has-text-align-left\" data-align=\"left\"><strong>Stage \u00e0 Lescar chez CASH31 11\/25, 12\/24, 02\/24, 07\/23<\/strong><\/td><\/tr><tr><td class=\"has-text-align-left\" data-align=\"left\">D\u00e9pannage informatique<br>Accueil, conseil aux clients<br>Assemblage d\u2019ordinateurs (fixe\/portable)<\/td><\/tr><tr><td class=\"has-text-align-left\" data-align=\"left\"><strong>Stage Erasmus \u00e0 Faro Club Do Hardware 02\/25<\/strong><\/td><\/tr><tr><td class=\"has-text-align-left\" data-align=\"left\">D\u00e9pannage informatique<br>Accueil, conseil aux clients<\/td><\/tr><tr><td class=\"has-text-align-left\" data-align=\"left\"><strong>Job d\u2019\u00e9t\u00e9 \u00e0 Intermarch\u00e9 Garlin \/ Serres-Castet 07\/25, 07\/24<\/strong><\/td><\/tr><tr><td class=\"has-text-align-left\" data-align=\"left\">Employ\u00e9 libre-service<br>Aide \u00e0 la client\u00e8le<br>Mise en rayon<\/td><\/tr><\/tbody><\/table><\/figure>\n\n\n\n<hr class=\"wp-block-separator has-alpha-channel-opacity is-style-wide\" \/>\n\n\n\n<figure class=\"wp-block-table is-style-stripes\"><table class=\"has-border-color has-palette-color-4-border-color has-fixed-layout\" style=\"border-style:dashed;border-width:1px\"><tbody><tr><td><strong>CONTACT<\/strong><\/td><\/tr><tr><td>+33 07.89.98.77.22<br>emilio.lamarque@orange.fr<br>650 Route de Garlin<\/td><\/tr><tr><td><strong>LANGUES<\/strong><\/td><\/tr><tr><td>Fran\u00e7ais C2<br>Anglais B1<\/td><\/tr><tr><td><strong>CERTIFICATIONS<\/strong><\/td><\/tr><tr><td>PIX 326<br>HABILEC<\/td><\/tr><\/tbody><\/table><\/figure>\n\n\n<nav class=\"is-responsive wp-block-navigation is-layout-flex wp-block-navigation-is-layout-flex\" aria-label=\"Navigation\" \n\t\t data-wp-interactive=\"core\/navigation\" data-wp-context='{\"overlayOpenedBy\":{\"click\":false,\"hover\":false,\"focus\":false},\"type\":\"overlay\",\"roleAttribute\":\"\",\"ariaLabel\":\"Menu\"}'><button aria-haspopup=\"dialog\" aria-label=\"Ouvrir le menu\" class=\"wp-block-navigation__responsive-container-open\" \n\t\t\t\tdata-wp-on--click=\"actions.openMenuOnClick\"\n\t\t\t\tdata-wp-on--keydown=\"actions.handleMenuKeydown\"\n\t\t\t><svg width=\"24\" height=\"24\" xmlns=\"http:\/\/www.w3.org\/2000\/svg\" viewBox=\"0 0 24 24\" aria-hidden=\"true\" focusable=\"false\"><path d=\"M4 7.5h16v1.5H4z\"><\/path><path d=\"M4 15h16v1.5H4z\"><\/path><\/svg><\/button>\n\t\t\t\t<div class=\"wp-block-navigation__responsive-container\"  id=\"modal-6\" \n\t\t\t\tdata-wp-class--has-modal-open=\"state.isMenuOpen\"\n\t\t\t\tdata-wp-class--is-menu-open=\"state.isMenuOpen\"\n\t\t\t\tdata-wp-watch=\"callbacks.initMenu\"\n\t\t\t\tdata-wp-on--keydown=\"actions.handleMenuKeydown\"\n\t\t\t\tdata-wp-on--focusout=\"actions.handleMenuFocusout\"\n\t\t\t\ttabindex=\"-1\"\n\t\t\t>\n\t\t\t\t\t<div class=\"wp-block-navigation__responsive-close\" tabindex=\"-1\">\n\t\t\t\t\t\t<div class=\"wp-block-navigation__responsive-dialog\" \n\t\t\t\tdata-wp-bind--aria-modal=\"state.ariaModal\"\n\t\t\t\tdata-wp-bind--aria-label=\"state.ariaLabel\"\n\t\t\t\tdata-wp-bind--role=\"state.roleAttribute\"\n\t\t\t>\n\t\t\t\t\t\t\t<button aria-label=\"Fermer le menu\" class=\"wp-block-navigation__responsive-container-close\" \n\t\t\t\tdata-wp-on--click=\"actions.closeMenuOnClick\"\n\t\t\t><svg xmlns=\"http:\/\/www.w3.org\/2000\/svg\" viewBox=\"0 0 24 24\" width=\"24\" height=\"24\" aria-hidden=\"true\" focusable=\"false\"><path d=\"m13.06 12 6.47-6.47-1.06-1.06L12 10.94 5.53 4.47 4.47 5.53 10.94 12l-6.47 6.47 1.06 1.06L12 13.06l6.47 6.47 1.06-1.06L13.06 12Z\"><\/path><\/svg><\/button>\n\t\t\t\t\t\t\t<div class=\"wp-block-navigation__responsive-container-content\" \n\t\t\t\tdata-wp-watch=\"callbacks.focusFirstElement\"\n\t\t\t id=\"modal-6-content\">\n\t\t\t\t\t\t\t\t<ul class=\"wp-block-navigation__container is-responsive wp-block-navigation\"><li style=\"font-size:clamp(14px, 0.875rem + ((1vw - 3.2px) * 0.313), 18px);font-style:italic;font-weight:700;line-height:2.2;text-decoration:underline;text-transform:capitalize;\" class=\" wp-block-navigation-item fas fa-align-right wp-block-navigation-link has-arialnarrow-font-family\"><a class=\"wp-block-navigation-item__content\"  href=\"https:\/\/sno.lycee-guynemer.com\/portfolio-lamarque\/category\/stages\/\"><span class=\"wp-block-navigation-item__label\"><mark style=\"color:#60dade\" class=\"has-inline-color\">Pour plus d&rsquo;informations sur mes stages et exp\u00e9riences professionnels<\/mark><\/span><\/a><\/li><\/ul>\n\t\t\t\t\t\t\t<\/div>\n\t\t\t\t\t\t<\/div>\n\t\t\t\t\t<\/div>\n\t\t\t\t<\/div><\/nav>\n\n\n<p><\/p>\n","protected":false},"excerpt":{"rendered":"<p>LAMARQUE Emilio Etudiant en CS SNO PROFIL Etudiant en mention compl\u00e9mentaire SNO (services num\u00e9riques aux organisations. Motiv\u00e9 et dynamique, je serais pr\u00eat \u00e0 tout mettre en \u0153uvre pour pouvoir r\u00e9aliser les d\u00e9fis demand\u00e9s. Je suis rigoureux, organis\u00e9 respectueux et ponctuel FORMATION CS SNO Lyc\u00e9e Guynemer \u00e0 Oloron Ste-Marie 2025\/2026 BAC PRO Syst\u00e8mes Num\u00e9riques RISC Lyc\u00e9e [&hellip;]<\/p>\n","protected":false},"author":26,"featured_media":0,"parent":0,"menu_order":0,"comment_status":"closed","ping_status":"closed","template":"","meta":{"footnotes":""},"class_list":["post-14","page","type-page","status-publish","hentry"],"blocksy_meta":[],"_links":{"self":[{"href":"https:\/\/sno.lycee-guynemer.com\/portfolio-lamarque\/wp-json\/wp\/v2\/pages\/14","targetHints":{"allow":["GET"]}}],"collection":[{"href":"https:\/\/sno.lycee-guynemer.com\/portfolio-lamarque\/wp-json\/wp\/v2\/pages"}],"about":[{"href":"https:\/\/sno.lycee-guynemer.com\/portfolio-lamarque\/wp-json\/wp\/v2\/types\/page"}],"author":[{"embeddable":true,"href":"https:\/\/sno.lycee-guynemer.com\/portfolio-lamarque\/wp-json\/wp\/v2\/users\/26"}],"replies":[{"embeddable":true,"href":"https:\/\/sno.lycee-guynemer.com\/portfolio-lamarque\/wp-json\/wp\/v2\/comments?post=14"}],"version-history":[{"count":41,"href":"https:\/\/sno.lycee-guynemer.com\/portfolio-lamarque\/wp-json\/wp\/v2\/pages\/14\/revisions"}],"predecessor-version":[{"id":215,"href":"https:\/\/sno.lycee-guynemer.com\/portfolio-lamarque\/wp-json\/wp\/v2\/pages\/14\/revisions\/215"}],"wp:attachment":[{"href":"https:\/\/sno.lycee-guynemer.com\/portfolio-lamarque\/wp-json\/wp\/v2\/media?parent=14"}],"curies":[{"name":"wp","href":"https:\/\/api.w.org\/{rel}","templated":true}]}}